{"id":1590,"date":"2020-06-11T11:52:57","date_gmt":"2020-06-11T09:52:57","guid":{"rendered":"https:\/\/www.palazzobiscari.it\/?page_id=1590"},"modified":"2020-11-19T15:53:06","modified_gmt":"2020-11-19T14:53:06","slug":"storia","status":"publish","type":"page","link":"https:\/\/www.palazzobiscari.it\/it\/storia\/","title":{"rendered":"Storia"},"content":{"rendered":"<div class=\"wpb-content-wrapper\">[vc_row css=&#8221;.vc_custom_1592243072219{margin-top: -35px !important;margin-bottom: 100px !important;}&#8221;][vc_column]\n\t\t\t<!-- START Palazzo REVOLUTION SLIDER 6.7.32 --><p class=\"rs-p-wp-fix\"><\/p>\n\t\t\t<rs-module-wrap id=\"rev_slider_43_1_wrapper\" data-source=\"gallery\" style=\"visibility:hidden;background:#f7f7f7;padding:0;margin:0px auto;margin-top:0;margin-bottom:0;\">\n\t\t\t\t<rs-module id=\"rev_slider_43_1\" style=\"\" data-version=\"6.7.32\">\n\t\t\t\t\t<rs-slides style=\"overflow: hidden; position: absolute;\">\n\t\t\t\t\t\t<rs-slide style=\"position: absolute;\" data-key=\"rs-91\" data-title=\"Slide\" data-thumb=\"\/\/www.palazzobiscari.it\/wp-content\/uploads\/2020\/07\/salone-palazzo-biscari-2.png\" data-anim=\"r:0;\" data-in=\"o:0;\" data-out=\"a:false;\">\n\t\t\t\t\t\t\t<img decoding=\"async\" src=\"\/\/www.palazzobiscari.it\/wp-content\/plugins\/revslider\/sr6\/assets\/assets\/dummy.png\" alt=\"Salone Musica - Palazzo Biscari\" title=\"Salone Musica &#8211; Palazzo Biscari\" width=\"1265\" height=\"886\" class=\"rev-slidebg tp-rs-img rs-lazyload\" data-lazyload=\"\/\/www.palazzobiscari.it\/wp-content\/uploads\/2020\/07\/salone-palazzo-biscari-2.png\" data-bg=\"p:center bottom;\" data-parallax=\"off\" data-panzoom=\"d:25000;ss:100;se:110;oe:-3\/-3;\" data-no-retina>\n<!---->\t\t\t\t\t<\/rs-slide>\n\t\t\t\t\t\t<rs-slide style=\"position: absolute;\" data-key=\"rs-99\" data-title=\"Slide\" data-thumb=\"\/\/www.palazzobiscari.it\/wp-content\/uploads\/2020\/07\/salone-palazzo-biscari-2.png\" data-anim=\"r:0;\" data-in=\"o:0;\" data-out=\"a:false;\">\n\t\t\t\t\t\t\t<img decoding=\"async\" src=\"\/\/www.palazzobiscari.it\/wp-content\/plugins\/revslider\/sr6\/assets\/assets\/dummy.png\" alt=\"Salone Musica - Palazzo Biscari\" title=\"Salone Musica &#8211; Palazzo Biscari\" width=\"1265\" height=\"886\" class=\"rev-slidebg tp-rs-img rs-lazyload\" data-lazyload=\"\/\/www.palazzobiscari.it\/wp-content\/uploads\/2020\/07\/salone-palazzo-biscari-2.png\" data-bg=\"p:center top;\" data-parallax=\"off\" data-panzoom=\"d:25000;ss:100;se:110;oe:-3\/-3;\" data-no-retina>\n<!---->\t\t\t\t\t<\/rs-slide>\n\t\t\t\t\t\t<rs-slide style=\"position: absolute;\" data-key=\"rs-93\" data-title=\"Slide\" data-thumb=\"\/\/www.palazzobiscari.it\/wp-content\/uploads\/2020\/06\/barocco-palazzo-biscari-1.jpg\" data-anim=\"r:0;\" data-in=\"o:0;\" data-out=\"a:false;\">\n\t\t\t\t\t\t\t<img decoding=\"async\" src=\"\/\/www.palazzobiscari.it\/wp-content\/plugins\/revslider\/sr6\/assets\/assets\/dummy.png\" alt=\"Barocco | Palazzo Biscari Catania\" title=\"Barocco | Palazzo Biscari Catania\" width=\"1600\" height=\"650\" class=\"rev-slidebg tp-rs-img rs-lazyload\" data-lazyload=\"\/\/www.palazzobiscari.it\/wp-content\/uploads\/2020\/06\/barocco-palazzo-biscari-1.jpg\" data-bg=\"p:center top;\" data-parallax=\"off\" data-panzoom=\"d:11000;ss:100;se:110;oe:-3\/-3;\" data-no-retina>\n<!---->\t\t\t\t\t<\/rs-slide>\n\t\t\t\t\t\t<rs-slide style=\"position: absolute;\" data-key=\"rs-97\" data-title=\"Slide\" data-thumb=\"\/\/www.palazzobiscari.it\/wp-content\/uploads\/2020\/06\/visite-palazzo-biscari-1.png\" data-anim=\"r:0;\" data-in=\"o:0;\" data-out=\"a:false;\">\n\t\t\t\t\t\t\t<img decoding=\"async\" src=\"\/\/www.palazzobiscari.it\/wp-content\/plugins\/revslider\/sr6\/assets\/assets\/dummy.png\" alt=\"\" title=\"visite-palazzo-biscari\" width=\"1141\" height=\"305\" class=\"rev-slidebg tp-rs-img rs-lazyload\" data-lazyload=\"\/\/www.palazzobiscari.it\/wp-content\/uploads\/2020\/06\/visite-palazzo-biscari-1.png\" data-bg=\"p:right top;\" data-parallax=\"off\" data-panzoom=\"d:25000;ss:100;se:110;oe:-3\/-3;\" data-no-retina>\n<!---->\t\t\t\t\t<\/rs-slide>\n\t\t\t\t\t\t<rs-slide style=\"position: absolute;\" data-key=\"rs-98\" data-title=\"Slide\" data-thumb=\"\/\/www.palazzobiscari.it\/wp-content\/uploads\/2020\/07\/terrazza-palazzo-biscari.png\" data-anim=\"r:0;\" data-in=\"o:0;\" data-out=\"a:false;\">\n\t\t\t\t\t\t\t<img decoding=\"async\" src=\"\/\/www.palazzobiscari.it\/wp-content\/plugins\/revslider\/sr6\/assets\/assets\/dummy.png\" alt=\"Terrazza - Palazzo Biscari\" title=\"Terrazza &#8211; Palazzo Biscari\" width=\"1193\" height=\"796\" class=\"rev-slidebg tp-rs-img rs-lazyload\" data-lazyload=\"\/\/www.palazzobiscari.it\/wp-content\/uploads\/2020\/07\/terrazza-palazzo-biscari.png\" data-bg=\"p:right top;\" data-parallax=\"off\" data-panzoom=\"d:25000;ss:100;se:110;oe:-3\/-3;\" data-no-retina>\n<!---->\t\t\t\t\t<\/rs-slide>\n\t\t\t\t\t<\/rs-slides>\n\t\t\t\t<\/rs-module>\n\t\t\t\t<script>\n\t\t\t\t\tsetREVStartSize({c: 'rev_slider_43_1',rl:[1240,1024,778,480],el:[450,550,600,500],gw:[1200,1024,778,480],gh:[450,450,450,400],type:'standard',justify:'',layout:'fullwidth',mh:\"0\"});if (window.RS_MODULES!==undefined && window.RS_MODULES.modules!==undefined && window.RS_MODULES.modules[\"revslider431\"]!==undefined) {window.RS_MODULES.modules[\"revslider431\"].once = false;window.revapi43 = undefined;if (window.RS_MODULES.checkMinimal!==undefined) window.RS_MODULES.checkMinimal()}\n\t\t\t\t<\/script>\n\t\t\t<\/rs-module-wrap>\n\t\t\t<!-- END REVOLUTION SLIDER -->\n[\/vc_column][\/vc_row][vc_row][vc_column width=&#8221;1\/2&#8243;][vc_custom_heading text=&#8221;STORIA&#8221; font_container=&#8221;tag:h1|font_size:32|text_align:left|color:%2389b36d&#8221; use_theme_fonts=&#8221;yes&#8221; link=&#8221;url:https%3A%2F%2Fwww.palazzobiscari.it%2Fit%2Ffoto-gallery%2F|title:Foto%20Gallery||&#8221;][vc_column_text el_id=&#8221;01&#8243;]Il palazzo dei Patern\u00f2 Castello, Principi di Biscari \u00e8, assieme al Monastero dei Benedettini San Nicol\u00f2 l\u2019Arena, l\u2019edificio pi\u00f9 importante e noto dell\u2019architettura settecentesca a Catania.<\/p>\n<p>Sorge su un tratto delle mura cinquecentesche della Citt\u00e0, sulle quali, subito dopo il terremoto del 1693, Ignazio Patern\u00f2 Castello III Principe di Biscari (m. 1699), ottenne il permesso di elevare il palazzo dal luogotenente generale Giuseppe Lanza duca di Camastra, artefice della ricostruzione di Catania, inviato del Re di Spagna Carlo II d\u2019Asburgo.<\/p>\n<p>Il figlio Vincenzo ( 1685-1749) IV principe, prosegu\u00ec l\u2019opera e il nipote Ignazio V (1714-1786) la complet\u00f2, dedicandone ampi locali alla costituzione di un Museo archeologico, numismatico, naturalistico aperto a tutti gli studiosi.<\/p>\n<p>Il palazzo appartenne per intero ai Principi di Biscari fino alla met\u00e0 del scolo XIX, quindi, per vari passaggi di successione, divenne propriet\u00e0 dei Moncada Patern\u00f2 Castello, un ramo dei Patern\u00f2 Castello.<\/p>\n<p>Sin dal 1971 il palazzo ha ospitato mostre e concerti. Ha visto il debutto de I Vivai del Sud, i concerti della Associazione Musicale Etnea (con Nikita Magaloff), la visita della Regina Madre di Inghilterra (in foto).<\/p>\n<p>Palazzo Biscari aderisce alla rete europea &#8220;Le Dimore del Quartetto&#8221;, che valorizza giovani quartetti d&#8217;archi e le dimore storiche in un&#8217;economia circolare.<\/p>\n<p>Il palazzo \u00e8 ancora oggi in gran parte abitato dai discendenti della famiglia e i suoi saloni principali sono spesso usati per manifestazioni di prestigio di carattere mondano e culturale.<br \/>\nGran parte delle collezioni raccolte nel museo del principe di Biscari sono state donate al comune e trasferite al Museo Civico di Castello Ursino.[\/vc_column_text][\/vc_column][vc_column width=&#8221;1\/2&#8243;][vc_empty_space height=&#8221;60px&#8221;][vc_gallery interval=&#8221;5&#8243; images=&#8221;2586,4041&#8243; img_size=&#8221;full&#8221;][\/vc_column][\/vc_row][vc_row][vc_column][vc_empty_space]<div class=\"title-wrapper  basel-title-color-default basel-title-style-bordered basel-title-size-default text-center \"><div class=\"liner-continer\"> <span class=\"left-line\"><\/span> <h3 class=\"title\" >J. W. Goethe<span class=\"title-separator\"><span><\/span><\/span><\/h3> <span class=\"right-line\"><\/span> <\/div><\/div>[vc_empty_space][\/vc_column][\/vc_row][vc_row][vc_column width=&#8221;1\/4&#8243;][vc_single_image image=&#8221;2110&#8243; img_size=&#8221;medium&#8221; add_caption=&#8221;yes&#8221;][\/vc_column][vc_column width=&#8221;3\/4&#8243;][vc_column_text]<i><em>\u201c<\/em>Fummo introdotti dal Principe il quale ci fece vedere la sua collezione di monete per un atto di deferenza speciale\u2026 Dopo aver dedicato a quest\u2019esame un certo tempo, sempre troppo poco tuttavia, stavamo per congedarci, quando egli volle presentarci alla madre, nel cui appartamento erano esposti altri oggetti d\u2019arte di pi\u00f9 piccola dimensione\u2026&#8221;.<\/i>[\/vc_column_text][vc_row_inner][vc_column_inner width=&#8221;1\/2&#8243;]<div class=\"basel-button-wrapper text-center\"><a href=\"#my_popup\" title=\"\" class=\"btn btn-color-primary btn-style-bordered btn-size-small basel-popup-with-content \">LEGGI TUTTO<\/a><\/div><div id=\"my_popup\" class=\"mfp-with-anim basel-content-popup mfp-hide\" style=\"max-width:800px;\"><div class=\"basel-popup-inner\">[vc_column_text]<i><em>\u201c<\/em>Fummo introdotti dal Principe il quale ci fece vedere la sua collezione di monete per un atto di deferenza speciale\u2026 Dopo aver dedicato a quest\u2019esame un certo tempo, sempre troppo poco tuttavia, stavamo per congedarci, quando egli volle presentarci alla madre, nel cui appartamento erano esposti altri oggetti d\u2019arte di pi\u00f9 piccola dimensione\u2026<\/i><\/p>\n<p><i>Ci apr\u00ec ella stessa la vetrina, in cui erano custoditi gli oggetti d\u2019ambra lavorata\u2026 Questi oggetti come pure le conchiglie incise, che vengono lavorate a Trapani e infine alcuni squisiti lavori in avorio formavano la compiacenza particolare della gentildonna, che trovava il modo di raccontare in proposito pi\u00f9 di una piacevole storiella.<\/i><\/p>\n<p><i>Il principe dal canto suo ci intrattenne intorno a cose pi\u00f9 serie e cos\u00ec trascorsero alcune ore dilettevoli ed istruttive. Nel frattempo, la principessa aveva appreso che eravamo tedeschi, per cui ci domand\u00f2 notizie dei signori von Riedesel, Bartels, Munter, tutti da lei conosciuti e dei quali aveva anche saputo discernere ed apprezzare egregiamente il carattere e il costume.<\/i><\/p>\n<p><i>Ci siamo congedati a malincuore da lei, ed ella stessa parve ci lasciasse andar via di malincuore.<em>\u201d<\/em><\/i><\/p>\n<p align=\"right\">Catania, 3 Marzo 1787<br \/>\nJ. W. Goethe \u2013 Viaggio in Italia<\/p>\n[\/vc_column_text]<\/div><\/div>[\/vc_column_inner][vc_column_inner width=&#8221;1\/2&#8243;][vc_column_text]\n<p style=\"text-align: right;\">Catania, 3 Marzo 1787<br \/>\nJ. W. Goethe \u2013 Viaggio in Italia<\/p>\n[\/vc_column_text][\/vc_column_inner][\/vc_row_inner][\/vc_column][\/vc_row][vc_row][vc_column][vc_empty_space height=&#8221;50px&#8221;]<div class=\"title-wrapper  basel-title-color-default basel-title-style-bordered basel-title-size-default text-center \"><div class=\"liner-continer\"> <span class=\"left-line\"><\/span> <h3 class=\"title\" >FOTO GALLERY<span class=\"title-separator\"><span><\/span><\/span><\/h3> <span class=\"right-line\"><\/span> <\/div><\/div>[vc_empty_space height=&#8221;25px&#8221;]\t\t\t<div id=\"gallery_926\" class=\"basel-images-gallery  spacing-6 columns-6 view-masonry photoswipe-images\" >\n\t\t\t\t<div class=\"gallery-images \">\n\t\t\t\t\t\t\t\t\t\t\t\t\t\t\t\t\t\t<div class=\"basel-gallery-item\">\n\t\t\t\t\t\t\t\t\t\t\t\t\t\t\t\t\t<a href=\"https:\/\/www.palazzobiscari.it\/wp-content\/uploads\/2020\/06\/stemma.jpg\" data-index=\"1\" data-width=\"600\" data-height=\"527\"  >\n\t\t\t\t\t\t\t\t\t\t\t\t\t\t\t\n\t\t\t\t\t\t\t\t\t\t\t\t\t\t\t\t\t<img decoding=\"async\" class=\"basel-gallery-image image-1 \" src=\"https:\/\/www.palazzobiscari.it\/wp-content\/uploads\/2020\/06\/stemma-300x300.jpg\" width=\"300\" height=\"300\" alt=\"Stemma Famiglia Patern\u00f2\" title=\"Stemma Famiglia Patern\u00f2\" loading=\"lazy\" \/>\t\t\t\t\t\t\t\t\n\t\t\t\t\t\t\t\t\t\t\t\t\t\t\t\t\t<\/a>\n\t\t\t\t\t\t\t\t\t\t\t\t\t\t\t<\/div>\n\t\t\t\t\t\t\t\t\t\t\t\t\t<div class=\"basel-gallery-item\">\n\t\t\t\t\t\t\t\t\t\t\t\t\t\t\t\t\t<a href=\"https:\/\/www.palazzobiscari.it\/wp-content\/uploads\/2020\/07\/salone-musica-palazzo-biscari.png\" data-index=\"2\" data-width=\"484\" data-height=\"585\"  >\n\t\t\t\t\t\t\t\t\t\t\t\t\t\t\t\n\t\t\t\t\t\t\t\t\t\t\t\t\t\t\t\t\t<img decoding=\"async\" class=\"basel-gallery-image image-2 \" src=\"https:\/\/www.palazzobiscari.it\/wp-content\/uploads\/2020\/07\/salone-musica-palazzo-biscari-300x300.png\" width=\"300\" height=\"300\" alt=\"salone-musica-palazzo-biscari\" title=\"salone-musica-palazzo-biscari\" loading=\"lazy\" \/>\t\t\t\t\t\t\t\t\n\t\t\t\t\t\t\t\t\t\t\t\t\t\t\t\t\t<\/a>\n\t\t\t\t\t\t\t\t\t\t\t\t\t\t\t<\/div>\n\t\t\t\t\t\t\t\t\t\t\t\t\t<div class=\"basel-gallery-item\">\n\t\t\t\t\t\t\t\t\t\t\t\t\t\t\t\t\t<a href=\"https:\/\/www.palazzobiscari.it\/wp-content\/uploads\/2020\/07\/palazzo-biscari-1.png\" data-index=\"3\" data-width=\"684\" data-height=\"692\"  >\n\t\t\t\t\t\t\t\t\t\t\t\t\t\t\t\n\t\t\t\t\t\t\t\t\t\t\t\t\t\t\t\t\t<img decoding=\"async\" class=\"basel-gallery-image image-3 \" src=\"https:\/\/www.palazzobiscari.it\/wp-content\/uploads\/2020\/07\/palazzo-biscari-1-300x300.png\" width=\"300\" height=\"300\" alt=\"palazzo-biscari\" title=\"palazzo-biscari\" loading=\"lazy\" \/>\t\t\t\t\t\t\t\t\n\t\t\t\t\t\t\t\t\t\t\t\t\t\t\t\t\t<\/a>\n\t\t\t\t\t\t\t\t\t\t\t\t\t\t\t<\/div>\n\t\t\t\t\t\t\t\t\t\t\t\t\t<div class=\"basel-gallery-item\">\n\t\t\t\t\t\t\t\t\t\t\t\t\t\t\t\t\t<a href=\"https:\/\/www.palazzobiscari.it\/wp-content\/uploads\/2020\/06\/dipinto-palazzo-biscari.png\" data-index=\"4\" data-width=\"749\" data-height=\"648\"  >\n\t\t\t\t\t\t\t\t\t\t\t\t\t\t\t\n\t\t\t\t\t\t\t\t\t\t\t\t\t\t\t\t\t<img decoding=\"async\" class=\"basel-gallery-image image-4 \" src=\"https:\/\/www.palazzobiscari.it\/wp-content\/uploads\/2020\/06\/dipinto-palazzo-biscari-300x300.png\" width=\"300\" height=\"300\" alt=\"Dipinto - Palazzo Biscari\" title=\"Dipinto - Palazzo Biscari\" loading=\"lazy\" \/>\t\t\t\t\t\t\t\t\n\t\t\t\t\t\t\t\t\t\t\t\t\t\t\t\t\t<\/a>\n\t\t\t\t\t\t\t\t\t\t\t\t\t\t\t<\/div>\n\t\t\t\t\t\t\t\t\t\t\t\t\t<div class=\"basel-gallery-item\">\n\t\t\t\t\t\t\t\t\t\t\t\t\t\t\t\t\t<a href=\"https:\/\/www.palazzobiscari.it\/wp-content\/uploads\/2020\/06\/dipinto-palazzo-biscari-1.jpg\" data-index=\"5\" data-width=\"984\" data-height=\"2450\"  >\n\t\t\t\t\t\t\t\t\t\t\t\t\t\t\t\n\t\t\t\t\t\t\t\t\t\t\t\t\t\t\t\t\t<img decoding=\"async\" class=\"basel-gallery-image image-5 \" src=\"https:\/\/www.palazzobiscari.it\/wp-content\/uploads\/2020\/06\/dipinto-palazzo-biscari-1-300x300.jpg\" width=\"300\" height=\"300\" alt=\"Dipinto - Palazzo Biscari\" title=\"Dipinto - Palazzo Biscari\" loading=\"lazy\" \/>\t\t\t\t\t\t\t\t\n\t\t\t\t\t\t\t\t\t\t\t\t\t\t\t\t\t<\/a>\n\t\t\t\t\t\t\t\t\t\t\t\t\t\t\t<\/div>\n\t\t\t\t\t\t\t\t\t\t\t\t\t<div class=\"basel-gallery-item\">\n\t\t\t\t\t\t\t\t\t\t\t\t\t\t\t\t\t<a href=\"https:\/\/www.palazzobiscari.it\/wp-content\/uploads\/2020\/06\/dipinto-palazzo-biscari.jpg\" data-index=\"6\" data-width=\"1402\" data-height=\"1400\"  >\n\t\t\t\t\t\t\t\t\t\t\t\t\t\t\t\n\t\t\t\t\t\t\t\t\t\t\t\t\t\t\t\t\t<img decoding=\"async\" class=\"basel-gallery-image image-6 \" src=\"https:\/\/www.palazzobiscari.it\/wp-content\/uploads\/2020\/06\/dipinto-palazzo-biscari-300x300.jpg\" width=\"300\" height=\"300\" alt=\"Dipinto - Palazzo Biscari\" title=\"Dipinto - Palazzo Biscari\" loading=\"lazy\" \/>\t\t\t\t\t\t\t\t\n\t\t\t\t\t\t\t\t\t\t\t\t\t\t\t\t\t<\/a>\n\t\t\t\t\t\t\t\t\t\t\t\t\t\t\t<\/div>\n\t\t\t\t\t\t\t\t\t\t\t\t\t\t\t<\/div>\n\t\t\t<\/div>\n\t\t\t\t\t\t\t<script type=\"text\/javascript\">\n\t\t\t\t\tjQuery( document ).ready(function( $ ) {\n\t\t                if (typeof($.fn.isotope) == 'undefined' || typeof($.fn.imagesLoaded) == 'undefined') return;\n\t\t                var $container = $('.view-masonry .gallery-images');\n\n\t\t                \/\/ initialize Masonry after all images have loaded\n\t\t                $container.imagesLoaded(function() {\n\t\t                    $container.isotope({\n\t\t                        gutter: 0,\n\t\t                        isOriginLeft: ! $('body').hasClass('rtl'),\n\t\t                        itemSelector: '.basel-gallery-item'\n\t\t                    });\n\t\t                });\n\t\t\t\t\t});\n\t\t\t\t<\/script>\n\t\t\t\t\t[\/vc_column][\/vc_row][vc_row][vc_column][vc_empty_space height=&#8221;60px&#8221;]<div class=\"title-wrapper  basel-title-color-default basel-title-style-bordered basel-title-size-default text-center \"><div class=\"liner-continer\"> <span class=\"left-line\"><\/span> <h1 class=\"title\" >VISITE GUIDATE<span class=\"title-separator\"><span><\/span><\/span><\/h1> <span class=\"right-line\"><\/span> <\/div><\/div>[vc_empty_space height=&#8221;25px&#8221;]\n\t\t\t<div class=\"promo-banner cursor-pointer text-center vertical-alignment-middle banner-3 hover-2 color-scheme-light increased-padding \" onclick=\"window.location.href='https:\/\/www.palazzobiscari.it\/it\/shop\/visite\/visita-guidata\/'\" >\n\n\t\t\t\t<div class=\"main-wrapp-img\">\n\t\t\t\t\t<div class=\"banner-image\">\n\t\t\t\t\t\t\t\t\t\t\t\t\t\t\t\t\t\t\t\t\t<img loading=\"lazy\" decoding=\"async\" width=\"1141\" height=\"300\" src=\"https:\/\/www.palazzobiscari.it\/wp-content\/uploads\/2020\/07\/visite-guidate.png\" class=\"promo-banner-image image-1 attachment-full\" alt=\"Eventi - Palazzo Biscari\" title=\"Eventi - Palazzo Biscari\" srcset=\"https:\/\/www.palazzobiscari.it\/wp-content\/uploads\/2020\/07\/visite-guidate.png 1141w, https:\/\/www.palazzobiscari.it\/wp-content\/uploads\/2020\/07\/visite-guidate-600x158.png 600w, https:\/\/www.palazzobiscari.it\/wp-content\/uploads\/2020\/07\/visite-guidate-300x79.png 300w, https:\/\/www.palazzobiscari.it\/wp-content\/uploads\/2020\/07\/visite-guidate-1024x269.png 1024w, https:\/\/www.palazzobiscari.it\/wp-content\/uploads\/2020\/07\/visite-guidate-768x202.png 768w\" sizes=\"auto, (max-width: 1141px) 100vw, 1141px\" \/>\t\t\t\t\t\t\t\t\t\t\t\t\t\t\t\t\t\t<\/div>\n\t\t\t\t<\/div>\n\n\t\t\t\t<div class=\"wrapper-content-baner\">\n\t\t\t\t\t<div class=\"banner-inner\">\n\t\t\t\t\t\t<h2 style=\"text-align: center;\">ACQUISTA UN BIGLIETTO ONLINE<\/h2>\n\t\t\t\t\t<\/div>\n\t\t\t\t<\/div>\n\n\t\t\t<\/div>\n\n\n\t\t[\/vc_column][\/vc_row]\n<\/div>","protected":false},"excerpt":{"rendered":"<p>[vc_row css=&#8221;.vc_custom_1592243072219{margin-top: -35px !important;margin-bottom: 100px !important;}&#8221;][vc_column][\/vc_column][\/vc_row][vc_row][vc_column width=&#8221;1\/2&#8243;][vc_custom_heading text=&#8221;STORIA&#8221; font_container=&#8221;tag:h1|font_size:32|text_align:left|color:%2389b36d&#8221; use_theme_fonts=&#8221;yes&#8221; link=&#8221;url:https%3A%2F%2Fwww.palazzobiscari.it%2Fit%2Ffoto-gallery%2F|title:Foto%20Gallery||&#8221;][vc_column_text el_id=&#8221;01&#8243;]Il palazzo dei Patern\u00f2 Castello, Principi di Biscari \u00e8,<\/p>\n","protected":false},"author":1,"featured_media":0,"parent":0,"menu_order":0,"comment_status":"closed","ping_status":"closed","template":"","meta":{"footnotes":""},"class_list":["post-1590","page","type-page","status-publish","hentry"],"yoast_head":"<!-- This site is optimized with the Yoast SEO plugin v26.7 - https:\/\/yoast.com\/wordpress\/plugins\/seo\/ -->\n<title>Palazzo Biscari \u00e8 l\u2019edificio pi\u00f9 importante dell\u2019architettura del &#039;700 a Catania.<\/title>\n<meta name=\"description\" content=\"Palazzo Biscari \u00e8, assieme al Convento dei Benedettini, l\u2019edificio pi\u00f9 importante e noto dell\u2019architettura settecentesca a Catania.\" \/>\n<meta name=\"robots\" content=\"index, follow, max-snippet:-1, max-image-preview:large, max-video-preview:-1\" \/>\n<link rel=\"canonical\" href=\"https:\/\/www.palazzobiscari.it\/it\/storia\/\" \/>\n<meta property=\"og:locale\" content=\"it_IT\" \/>\n<meta property=\"og:type\" content=\"article\" \/>\n<meta property=\"og:title\" content=\"Palazzo Biscari \u00e8 l\u2019edificio pi\u00f9 importante dell\u2019architettura del &#039;700 a Catania.\" \/>\n<meta property=\"og:description\" content=\"Palazzo Biscari \u00e8, assieme al Convento dei Benedettini, l\u2019edificio pi\u00f9 importante e noto dell\u2019architettura settecentesca a Catania.\" \/>\n<meta property=\"og:url\" content=\"https:\/\/www.palazzobiscari.it\/it\/storia\/\" \/>\n<meta property=\"og:site_name\" content=\"Palazzo Biscari\" \/>\n<meta property=\"article:modified_time\" content=\"2020-11-19T14:53:06+00:00\" \/>\n<meta name=\"twitter:card\" content=\"summary_large_image\" \/>\n<meta name=\"twitter:label1\" content=\"Tempo di lettura stimato\" \/>\n\t<meta name=\"twitter:data1\" content=\"4 minuti\" \/>\n<script type=\"application\/ld+json\" class=\"yoast-schema-graph\">{\"@context\":\"https:\/\/schema.org\",\"@graph\":[{\"@type\":\"WebPage\",\"@id\":\"https:\/\/www.palazzobiscari.it\/it\/storia\/\",\"url\":\"https:\/\/www.palazzobiscari.it\/it\/storia\/\",\"name\":\"Palazzo Biscari \u00e8 l\u2019edificio pi\u00f9 importante dell\u2019architettura del '700 a Catania.\",\"isPartOf\":{\"@id\":\"https:\/\/www.palazzobiscari.it\/it\/#website\"},\"datePublished\":\"2020-06-11T09:52:57+00:00\",\"dateModified\":\"2020-11-19T14:53:06+00:00\",\"description\":\"Palazzo Biscari \u00e8, assieme al Convento dei Benedettini, l\u2019edificio pi\u00f9 importante e noto dell\u2019architettura settecentesca a Catania.\",\"breadcrumb\":{\"@id\":\"https:\/\/www.palazzobiscari.it\/it\/storia\/#breadcrumb\"},\"inLanguage\":\"it-IT\",\"potentialAction\":[{\"@type\":\"ReadAction\",\"target\":[\"https:\/\/www.palazzobiscari.it\/it\/storia\/\"]}]},{\"@type\":\"BreadcrumbList\",\"@id\":\"https:\/\/www.palazzobiscari.it\/it\/storia\/#breadcrumb\",\"itemListElement\":[{\"@type\":\"ListItem\",\"position\":1,\"name\":\"Home\",\"item\":\"https:\/\/www.palazzobiscari.it\/it\/\"},{\"@type\":\"ListItem\",\"position\":2,\"name\":\"Storia\"}]},{\"@type\":\"WebSite\",\"@id\":\"https:\/\/www.palazzobiscari.it\/it\/#website\",\"url\":\"https:\/\/www.palazzobiscari.it\/it\/\",\"name\":\"Palazzo Biscari\",\"description\":\"Visite &amp; Eventi nel Prestigioso Palazzo Barocco di Catania\",\"publisher\":{\"@id\":\"https:\/\/www.palazzobiscari.it\/it\/#organization\"},\"potentialAction\":[{\"@type\":\"SearchAction\",\"target\":{\"@type\":\"EntryPoint\",\"urlTemplate\":\"https:\/\/www.palazzobiscari.it\/it\/?s={search_term_string}\"},\"query-input\":{\"@type\":\"PropertyValueSpecification\",\"valueRequired\":true,\"valueName\":\"search_term_string\"}}],\"inLanguage\":\"it-IT\"},{\"@type\":\"Organization\",\"@id\":\"https:\/\/www.palazzobiscari.it\/it\/#organization\",\"name\":\"Palazzo Biscari\",\"url\":\"https:\/\/www.palazzobiscari.it\/it\/\",\"logo\":{\"@type\":\"ImageObject\",\"inLanguage\":\"it-IT\",\"@id\":\"https:\/\/www.palazzobiscari.it\/it\/#\/schema\/logo\/image\/\",\"url\":\"https:\/\/www.palazzobiscari.it\/wp-content\/uploads\/2020\/10\/pay-pal.jpg\",\"contentUrl\":\"https:\/\/www.palazzobiscari.it\/wp-content\/uploads\/2020\/10\/pay-pal.jpg\",\"width\":50,\"height\":57,\"caption\":\"Palazzo Biscari\"},\"image\":{\"@id\":\"https:\/\/www.palazzobiscari.it\/it\/#\/schema\/logo\/image\/\"}}]}<\/script>\n<!-- \/ Yoast SEO plugin. -->","yoast_head_json":{"title":"Palazzo Biscari \u00e8 l\u2019edificio pi\u00f9 importante dell\u2019architettura del '700 a Catania.","description":"Palazzo Biscari \u00e8, assieme al Convento dei Benedettini, l\u2019edificio pi\u00f9 importante e noto dell\u2019architettura settecentesca a Catania.","robots":{"index":"index","follow":"follow","max-snippet":"max-snippet:-1","max-image-preview":"max-image-preview:large","max-video-preview":"max-video-preview:-1"},"canonical":"https:\/\/www.palazzobiscari.it\/it\/storia\/","og_locale":"it_IT","og_type":"article","og_title":"Palazzo Biscari \u00e8 l\u2019edificio pi\u00f9 importante dell\u2019architettura del '700 a Catania.","og_description":"Palazzo Biscari \u00e8, assieme al Convento dei Benedettini, l\u2019edificio pi\u00f9 importante e noto dell\u2019architettura settecentesca a Catania.","og_url":"https:\/\/www.palazzobiscari.it\/it\/storia\/","og_site_name":"Palazzo Biscari","article_modified_time":"2020-11-19T14:53:06+00:00","twitter_card":"summary_large_image","twitter_misc":{"Tempo di lettura stimato":"4 minuti"},"schema":{"@context":"https:\/\/schema.org","@graph":[{"@type":"WebPage","@id":"https:\/\/www.palazzobiscari.it\/it\/storia\/","url":"https:\/\/www.palazzobiscari.it\/it\/storia\/","name":"Palazzo Biscari \u00e8 l\u2019edificio pi\u00f9 importante dell\u2019architettura del '700 a Catania.","isPartOf":{"@id":"https:\/\/www.palazzobiscari.it\/it\/#website"},"datePublished":"2020-06-11T09:52:57+00:00","dateModified":"2020-11-19T14:53:06+00:00","description":"Palazzo Biscari \u00e8, assieme al Convento dei Benedettini, l\u2019edificio pi\u00f9 importante e noto dell\u2019architettura settecentesca a Catania.","breadcrumb":{"@id":"https:\/\/www.palazzobiscari.it\/it\/storia\/#breadcrumb"},"inLanguage":"it-IT","potentialAction":[{"@type":"ReadAction","target":["https:\/\/www.palazzobiscari.it\/it\/storia\/"]}]},{"@type":"BreadcrumbList","@id":"https:\/\/www.palazzobiscari.it\/it\/storia\/#breadcrumb","itemListElement":[{"@type":"ListItem","position":1,"name":"Home","item":"https:\/\/www.palazzobiscari.it\/it\/"},{"@type":"ListItem","position":2,"name":"Storia"}]},{"@type":"WebSite","@id":"https:\/\/www.palazzobiscari.it\/it\/#website","url":"https:\/\/www.palazzobiscari.it\/it\/","name":"Palazzo Biscari","description":"Visite &amp; Eventi nel Prestigioso Palazzo Barocco di Catania","publisher":{"@id":"https:\/\/www.palazzobiscari.it\/it\/#organization"},"potentialAction":[{"@type":"SearchAction","target":{"@type":"EntryPoint","urlTemplate":"https:\/\/www.palazzobiscari.it\/it\/?s={search_term_string}"},"query-input":{"@type":"PropertyValueSpecification","valueRequired":true,"valueName":"search_term_string"}}],"inLanguage":"it-IT"},{"@type":"Organization","@id":"https:\/\/www.palazzobiscari.it\/it\/#organization","name":"Palazzo Biscari","url":"https:\/\/www.palazzobiscari.it\/it\/","logo":{"@type":"ImageObject","inLanguage":"it-IT","@id":"https:\/\/www.palazzobiscari.it\/it\/#\/schema\/logo\/image\/","url":"https:\/\/www.palazzobiscari.it\/wp-content\/uploads\/2020\/10\/pay-pal.jpg","contentUrl":"https:\/\/www.palazzobiscari.it\/wp-content\/uploads\/2020\/10\/pay-pal.jpg","width":50,"height":57,"caption":"Palazzo Biscari"},"image":{"@id":"https:\/\/www.palazzobiscari.it\/it\/#\/schema\/logo\/image\/"}}]}},"_links":{"self":[{"href":"https:\/\/www.palazzobiscari.it\/it\/wp-json\/wp\/v2\/pages\/1590","targetHints":{"allow":["GET"]}}],"collection":[{"href":"https:\/\/www.palazzobiscari.it\/it\/wp-json\/wp\/v2\/pages"}],"about":[{"href":"https:\/\/www.palazzobiscari.it\/it\/wp-json\/wp\/v2\/types\/page"}],"author":[{"embeddable":true,"href":"https:\/\/www.palazzobiscari.it\/it\/wp-json\/wp\/v2\/users\/1"}],"replies":[{"embeddable":true,"href":"https:\/\/www.palazzobiscari.it\/it\/wp-json\/wp\/v2\/comments?post=1590"}],"version-history":[{"count":0,"href":"https:\/\/www.palazzobiscari.it\/it\/wp-json\/wp\/v2\/pages\/1590\/revisions"}],"wp:attachment":[{"href":"https:\/\/www.palazzobiscari.it\/it\/wp-json\/wp\/v2\/media?parent=1590"}],"curies":[{"name":"wp","href":"https:\/\/api.w.org\/{rel}","templated":true}]}}